{"id":13866,"date":"2022-05-19T10:30:36","date_gmt":"2022-05-19T08:30:36","guid":{"rendered":"https:\/\/www.clean26.fr\/pro\/library\/"},"modified":"2023-10-23T14:44:56","modified_gmt":"2023-10-23T12:44:56","slug":"library","status":"publish","type":"page","link":"https:\/\/www.clean26.fr\/pro\/en\/library\/","title":{"rendered":"Library"},"content":{"rendered":"\t\t<input type=\"hidden\" name=\"category-search-8845756129e21a50c30f07dddc7b7a6499\" value=\"\" class=\"category-search-8845756129e21a50c30f07dddc7b7a6499\">\n\t\t<table id=\"8845756129e21a50c30f07dddc7b7a6499\" class=\"document-library-table\" data-page-length=\"20\" data-paging=\"false\" data-click-filter=\"true\" data-scroll-offset=\"15\" cellspacing=\"0\" width=\"100%\">\n\t\t\t<thead><tr><th data-name=\"title\" data-priority=\"1\" data-width=\"\" data-orderable=\"true\">Title<\/th><th data-name=\"date\" data-priority=\"2\" data-width=\"\" data-orderable=\"true\">Date<\/th><th data-name=\"content\" data-priority=\"5\" data-width=\"\" data-orderable=\"true\">Content<\/th><th data-name=\"link\" data-priority=\"4\" data-width=\"\" data-orderable=\"false\">Link<\/th><\/tr><\/thead>\t\t\t<tbody>\n\t\t\t\t<tr><td>Gamme Clean 26 par r\u00e9f\u00e9rence<\/td><td>2025\/10\/27<\/td><td>Liste tri\u00e9e par R\u00e9f\u00e9rence Mise \u00e0 jour &#8211; f\u00e9vrier 2026<\/td><td><a href=\"https:\/\/www.clean26.fr\/pro\/wp-content\/uploads\/2025\/10\/Gamme-Clean-26-202602-par-Reference.pdf\" class=\"dll-download-button document-library-button button btn\"  download=\"Gamme-Clean-26-202602-par-Reference.pdf\" type=\"application\/pdf\">T\u00e9l\u00e9charger<\/a><\/td><\/tr><tr><td>Gamme Clean 26 par Famille<\/td><td>2025\/10\/27<\/td><td>liste tri\u00e9e par Famille mise \u00e0 jour &#8211; f\u00e9vrier 2026<\/td><td><a href=\"https:\/\/www.clean26.fr\/pro\/wp-content\/uploads\/2025\/10\/Gamme-Clean-26-202602-par-Famille.pdf\" class=\"dll-download-button document-library-button button btn\"  download=\"Gamme-Clean-26-202602-par-Famille.pdf\" type=\"application\/pdf\">T\u00e9l\u00e9charger<\/a><\/td><\/tr>\t\t\t<\/tbody>\n\t\t<\/table>\n\t\t\n","protected":false},"excerpt":{"rendered":"","protected":false},"author":1,"featured_media":0,"parent":0,"menu_order":0,"comment_status":"closed","ping_status":"closed","template":"","meta":{"_uf_show_specific_survey":0,"_uf_disable_surveys":false,"site-sidebar-layout":"default","site-content-layout":"","ast-site-content-layout":"default","site-content-style":"default","site-sidebar-style":"default","ast-global-header-display":"","ast-banner-title-visibility":"","ast-main-header-display":"","ast-hfb-above-header-display":"","ast-hfb-below-header-display":"","ast-hfb-mobile-header-display":"","site-post-title":"","ast-breadcrumbs-content":"","ast-featured-img":"","footer-sml-layout":"","ast-disable-related-posts":"","theme-transparent-header-meta":"","adv-header-id-meta":"","stick-header-meta":"","header-above-stick-meta":"","header-main-stick-meta":"","header-below-stick-meta":"","astra-migrate-meta-layouts":"default","ast-page-background-enabled":"default","ast-page-background-meta":{"desktop":{"background-color":"var(--ast-global-color-4)","background-image":"","background-repeat":"repeat","background-position":"center center","background-size":"auto","background-attachment":"scroll","background-type":"","background-media":"","overlay-type":"","overlay-color":"","overlay-opacity":"","overlay-gradient":""},"tablet":{"background-color":"","background-image":"","background-repeat":"repeat","background-position":"center center","background-size":"auto","background-attachment":"scroll","background-type":"","background-media":"","overlay-type":"","overlay-color":"","overlay-opacity":"","overlay-gradient":""},"mobile":{"background-color":"","background-image":"","background-repeat":"repeat","background-position":"center center","background-size":"auto","background-attachment":"scroll","background-type":"","background-media":"","overlay-type":"","overlay-color":"","overlay-opacity":"","overlay-gradient":""}},"ast-content-background-meta":{"desktop":{"background-color":"var(--ast-global-color-5)","background-image":"","background-repeat":"repeat","background-position":"center center","background-size":"auto","background-attachment":"scroll","background-type":"","background-media":"","overlay-type":"","overlay-color":"","overlay-opacity":"","overlay-gradient":""},"tablet":{"background-color":"var(--ast-global-color-5)","background-image":"","background-repeat":"repeat","background-position":"center center","background-size":"auto","background-attachment":"scroll","background-type":"","background-media":"","overlay-type":"","overlay-color":"","overlay-opacity":"","overlay-gradient":""},"mobile":{"background-color":"var(--ast-global-color-5)","background-image":"","background-repeat":"repeat","background-position":"center center","background-size":"auto","background-attachment":"scroll","background-type":"","background-media":"","overlay-type":"","overlay-color":"","overlay-opacity":"","overlay-gradient":""}},"footnotes":""},"class_list":["post-13866","page","type-page","status-publish","hentry"],"_links":{"self":[{"href":"https:\/\/www.clean26.fr\/pro\/en\/wp-json\/wp\/v2\/pages\/13866","targetHints":{"allow":["GET"]}}],"collection":[{"href":"https:\/\/www.clean26.fr\/pro\/en\/wp-json\/wp\/v2\/pages"}],"about":[{"href":"https:\/\/www.clean26.fr\/pro\/en\/wp-json\/wp\/v2\/types\/page"}],"author":[{"embeddable":true,"href":"https:\/\/www.clean26.fr\/pro\/en\/wp-json\/wp\/v2\/users\/1"}],"replies":[{"embeddable":true,"href":"https:\/\/www.clean26.fr\/pro\/en\/wp-json\/wp\/v2\/comments?post=13866"}],"version-history":[{"count":3,"href":"https:\/\/www.clean26.fr\/pro\/en\/wp-json\/wp\/v2\/pages\/13866\/revisions"}],"predecessor-version":[{"id":13869,"href":"https:\/\/www.clean26.fr\/pro\/en\/wp-json\/wp\/v2\/pages\/13866\/revisions\/13869"}],"wp:attachment":[{"href":"https:\/\/www.clean26.fr\/pro\/en\/wp-json\/wp\/v2\/media?parent=13866"}],"curies":[{"name":"wp","href":"https:\/\/api.w.org\/{rel}","templated":true}]}}