{"id":6320,"date":"2022-05-31T10:25:37","date_gmt":"2022-05-31T08:25:37","guid":{"rendered":"https:\/\/www.clean26.fr\/pro\/?page_id=6320"},"modified":"2024-05-22T16:29:25","modified_gmt":"2024-05-22T14:29:25","slug":"pro-login","status":"publish","type":"page","link":"https:\/\/www.clean26.fr\/pro\/pro-login\/","title":{"rendered":"Connexion Pro &#8211; vente r\u00e9serv\u00e9e aux professionnels"},"content":{"rendered":"\n\n<div class=\"woocommerce\">\n\n<div class=\"woocommerce-notices-wrapper\"><\/div>\n\n<div class=\"u-columns col2-set\" id=\"customer_login\">\n\n\t<div class=\"u-column1 col-1\">\n\n\t\t<h2>Connexion<\/h2>\n\n\t\t<form class=\"woocommerce-form woocommerce-form-login login\" method=\"post\">\n\n\t\t\t\n\t\t\t<p class=\"woocommerce-form-row woocommerce-form-row--wide form-row form-row-wide\">\n\t\t\t\t<label for=\"username\">Identifiant ou Adresse Email&nbsp;<span class=\"required\">*<\/span><\/label>\n\t\t\t\t<input type=\"text\" class=\"woocommerce-Input woocommerce-Input--text input-text\" name=\"username\" id=\"username\" autocomplete=\"username\" value=\"\" \/>\t\t\t<\/p>\n\t\t\t<p class=\"woocommerce-form-row woocommerce-form-row--wide form-row form-row-wide\">\n\t\t\t\t<label for=\"password\">Mot de passe&nbsp;<span class=\"required\">*<\/span><\/label>\n\t\t\t\t<input class=\"woocommerce-Input woocommerce-Input--text input-text\" type=\"password\" name=\"password\" id=\"password\" autocomplete=\"current-password\" \/>\n\t\t\t<\/p>\n\n\t\t\t<div id=\"mtcaptcha-30277276\"><\/div>        <script type=\"text\/javascript\">\n                if(typeof mtcaptchaConfig != \"undefined\") {\n                    mtcaptchaConfig.renderQueue.push('mtcaptcha-30277276');\n                }\n        <\/script>\n\t\t\t<p class=\"form-row\">\n\t\t\t\t<label class=\"woocommerce-form__label woocommerce-form__label-for-checkbox woocommerce-form-login__rememberme\">\n\t\t\t\t\t<input class=\"woocommerce-form__input woocommerce-form__input-checkbox\" name=\"rememberme\" type=\"checkbox\" id=\"rememberme\" value=\"forever\" \/> <span>Se rappeler de moi<\/span>\n\t\t\t\t<\/label>\n\t\t\t\t<input type=\"hidden\" id=\"wcwp-login-nonce\" name=\"wcwp-login-nonce\" value=\"07f3aadc05\" \/><input type=\"hidden\" name=\"_wp_http_referer\" value=\"\/pro\/wp-json\/wp\/v2\/pages\/6320\" \/>\t\t\t\t<button type=\"submit\" class=\"woocommerce-button button woocommerce-form-login__submit\" name=\"login\" value=\"Connexion\">Connexion<\/button>\n\t\t\t<\/p>\n\t\t\t<p class=\"woocommerce-LostPassword lost_password\">\n\t\t\t\t<a href=\"https:\/\/www.clean26.fr\/pro\/mon-compte\/lost-password\/\">Mot de passe perdu?<\/a>\n\t\t\t<\/p>\n\n\t\t\t\n\t\t<\/form>\n\n\n\t<\/div>\n\n\t<div class=\"u-column2 col-2\">\n\n\t\t<h2>S&#039;enregistrer<\/h2>\n\n\t\t<form method=\"post\" class=\"woocommerce-form woocommerce-form-register register\"  >\n\n\t\t\t\n\t\t\t\n\t\t\t\t<p class=\"woocommerce-form-row woocommerce-form-row--wide form-row form-row-wide\">\n\t\t\t\t\t<label for=\"reg_username\">Identifiant&nbsp;<span class=\"required\">*<\/span><\/label>\n\t\t\t\t\t<input type=\"text\" class=\"woocommerce-Input woocommerce-Input--text input-text\" name=\"username\" id=\"reg_username\" autocomplete=\"username\" value=\"\" \/>\t\t\t\t<\/p>\n\n\t\t\t\n\t\t\t<p class=\"woocommerce-form-row woocommerce-form-row--wide form-row form-row-wide\">\n\t\t\t\t<label for=\"reg_email\">Adresse Email&nbsp;<span class=\"required\">*<\/span><\/label>\n\t\t\t\t<input type=\"email\" class=\"woocommerce-Input woocommerce-Input--text input-text\" name=\"email\" id=\"reg_email\" autocomplete=\"email\" value=\"\" \/>\t\t\t<\/p>\n\n\n\t\t\t<p class=\"form-row validate-required\" id=\"wcwp-65b0d1263e007_field\" data-priority=\"\"><label for=\"wcwp-65b0d1263e007\" class=\"required_field\">NOM Pr&eacute;nom&nbsp;<span class=\"required\" aria-hidden=\"true\">*<\/span><\/label><span class=\"woocommerce-input-wrapper\"><input type=\"text\" class=\"input-text \" name=\"wcwp-65b0d1263e007\" id=\"wcwp-65b0d1263e007\" placeholder=\"\"  value=\"\" aria-required=\"true\" \/><\/span><\/p><p class=\"form-row validate-required\" id=\"wcwp-662ba1415d92e_field\" data-priority=\"\"><label for=\"wcwp-662ba1415d92e\" class=\"required_field\">T&eacute;l&eacute;phone&nbsp;<span class=\"required\" aria-hidden=\"true\">*<\/span><\/label><span class=\"woocommerce-input-wrapper\"><input type=\"text\" class=\"input-text \" name=\"wcwp-662ba1415d92e\" id=\"wcwp-662ba1415d92e\" placeholder=\"\"  value=\"\" aria-required=\"true\" \/><\/span><\/p><p class=\"form-row validate-required\" id=\"wcwp-62a1fca066a1f_field\" data-priority=\"\"><label for=\"wcwp-62a1fca066a1f\" class=\"required_field\">Code Postal&nbsp;<span class=\"required\" aria-hidden=\"true\">*<\/span><\/label><span class=\"woocommerce-input-wrapper\"><input type=\"text\" class=\"input-text \" name=\"wcwp-62a1fca066a1f\" id=\"wcwp-62a1fca066a1f\" placeholder=\"\"  value=\"\" aria-required=\"true\" \/><\/span><\/p><p class=\"form-row \" id=\"wcwp-653779aec683e_field\" data-priority=\"\"><label for=\"wcwp-653779aec683e\" class=\"\">Soci&eacute;t&eacute;&nbsp;<span class=\"optional\">(facultatif)<\/span><\/label><span class=\"woocommerce-input-wrapper\"><input type=\"text\" class=\"input-text \" name=\"wcwp-653779aec683e\" id=\"wcwp-653779aec683e\" placeholder=\"\"  value=\"\"  \/><\/span><\/p><p class=\"form-row \" id=\"wcwp-62a1fca066a1d_field\" data-priority=\"\"><label for=\"wcwp-62a1fca066a1d\" class=\"\">SIRET&nbsp;<span class=\"optional\">(facultatif)<\/span><\/label><span class=\"woocommerce-input-wrapper\"><input type=\"text\" class=\"input-text \" name=\"wcwp-62a1fca066a1d\" id=\"wcwp-62a1fca066a1d\" placeholder=\"\"  value=\"\"  \/><\/span><\/p><p class=\"form-row \" id=\"wcwp-62a1fca066a1e_field\" data-priority=\"\"><label for=\"wcwp-62a1fca066a1e\" class=\"\">N&deg; TVA&nbsp;<span class=\"optional\">(facultatif)<\/span><\/label><span class=\"woocommerce-input-wrapper\"><input type=\"text\" class=\"input-text \" name=\"wcwp-62a1fca066a1e\" id=\"wcwp-62a1fca066a1e\" placeholder=\"\"  value=\"\"  \/><\/span><\/p><div id=\"mtcaptcha-1633137058\"><\/div>        <script type=\"text\/javascript\">\n                if(typeof mtcaptchaConfig != \"undefined\") {\n                    mtcaptchaConfig.renderQueue.push('mtcaptcha-1633137058');\n                }\n        <\/script><div class=\"woocommerce-privacy-policy-text\"><p>Vos donn\u00e9es personnelles sont recueillies pour vous assurer la meilleure exp\u00e9rience sur Clean26.fr, notamment permettre l'acc\u00e8s et la gestion de votre compte et les autres raisons d\u00e9taill\u00e9es dans notre <a href=\"https:\/\/www.clean26.fr\/pro\/mentions-legales-politique-de-confidentialite\/\" class=\"woocommerce-privacy-policy-link\" target=\"_blank\">politique de confidentialit\u00e9<\/a>.<\/p>\n<\/div>\n\n\t\t\t\t\t\t\t<p>Un lien pour cr\u00e9er votre mot de passe sera envoy\u00e9 \u00e0 votre adresse e-mail, d\u00e8s que votre compte sera valid\u00e9.\nClean 26 conseille \u00e0 ses clients professionnels fran\u00e7ais de renseigner leur num\u00e9ro de SIRET.<\/p>\n\t\t\t\n\t\t\t<p class=\"woocommerce-FormRow form-row\">\n\t\t\t\t<input type=\"hidden\" id=\"wcwp-register-nonce\" name=\"wcwp-register-nonce\" value=\"7f363bdab8\" \/><input type=\"hidden\" name=\"_wp_http_referer\" value=\"\/pro\/wp-json\/wp\/v2\/pages\/6320\" \/>\t\t\t\t<button type=\"submit\" class=\"woocommerce-Button woocommerce-button button woocommerce-form-register__submit\" name=\"register\" value=\"S&#039;enregistrer\">S&#039;enregistrer<\/button>\n\t\t\t<\/p>\n\n\t\t\t\n\t\t<\/form>\n\n\t<\/div>\n\n<\/div>\n\n<\/div>\n\n\n","protected":false},"excerpt":{"rendered":"","protected":false},"author":2,"featured_media":0,"parent":0,"menu_order":0,"comment_status":"closed","ping_status":"closed","template":"","meta":{"_uf_show_specific_survey":0,"_uf_disable_surveys":false,"site-sidebar-layout":"default","site-content-layout":"","ast-site-content-layout":"default","site-content-style":"default","site-sidebar-style":"default","ast-global-header-display":"","ast-banner-title-visibility":"","ast-main-header-display":"","ast-hfb-above-header-display":"","ast-hfb-below-header-display":"","ast-hfb-mobile-header-display":"","site-post-title":"","ast-breadcrumbs-content":"","ast-featured-img":"","footer-sml-layout":"","ast-disable-related-posts":"","theme-transparent-header-meta":"","adv-header-id-meta":"","stick-header-meta":"","header-above-stick-meta":"","header-main-stick-meta":"","header-below-stick-meta":"","astra-migrate-meta-layouts":"set","ast-page-background-enabled":"default","ast-page-background-meta":{"desktop":{"background-color":"var(--ast-global-color-4)","background-image":"","background-repeat":"repeat","background-position":"center center","background-size":"auto","background-attachment":"scroll","background-type":"","background-media":"","overlay-type":"","overlay-color":"","overlay-opacity":"","overlay-gradient":""},"tablet":{"background-color":"","background-image":"","background-repeat":"repeat","background-position":"center center","background-size":"auto","background-attachment":"scroll","background-type":"","background-media":"","overlay-type":"","overlay-color":"","overlay-opacity":"","overlay-gradient":""},"mobile":{"background-color":"","background-image":"","background-repeat":"repeat","background-position":"center center","background-size":"auto","background-attachment":"scroll","background-type":"","background-media":"","overlay-type":"","overlay-color":"","overlay-opacity":"","overlay-gradient":""}},"ast-content-background-meta":{"desktop":{"background-color":"var(--ast-global-color-5)","background-image":"","background-repeat":"repeat","background-position":"center center","background-size":"auto","background-attachment":"scroll","background-type":"","background-media":"","overlay-type":"","overlay-color":"","overlay-opacity":"","overlay-gradient":""},"tablet":{"background-color":"var(--ast-global-color-5)","background-image":"","background-repeat":"repeat","background-position":"center center","background-size":"auto","background-attachment":"scroll","background-type":"","background-media":"","overlay-type":"","overlay-color":"","overlay-opacity":"","overlay-gradient":""},"mobile":{"background-color":"var(--ast-global-color-5)","background-image":"","background-repeat":"repeat","background-position":"center center","background-size":"auto","background-attachment":"scroll","background-type":"","background-media":"","overlay-type":"","overlay-color":"","overlay-opacity":"","overlay-gradient":""}},"footnotes":""},"class_list":["post-6320","page","type-page","status-publish","hentry"],"_links":{"self":[{"href":"https:\/\/www.clean26.fr\/pro\/wp-json\/wp\/v2\/pages\/6320","targetHints":{"allow":["GET"]}}],"collection":[{"href":"https:\/\/www.clean26.fr\/pro\/wp-json\/wp\/v2\/pages"}],"about":[{"href":"https:\/\/www.clean26.fr\/pro\/wp-json\/wp\/v2\/types\/page"}],"author":[{"embeddable":true,"href":"https:\/\/www.clean26.fr\/pro\/wp-json\/wp\/v2\/users\/2"}],"replies":[{"embeddable":true,"href":"https:\/\/www.clean26.fr\/pro\/wp-json\/wp\/v2\/comments?post=6320"}],"version-history":[{"count":8,"href":"https:\/\/www.clean26.fr\/pro\/wp-json\/wp\/v2\/pages\/6320\/revisions"}],"predecessor-version":[{"id":14597,"href":"https:\/\/www.clean26.fr\/pro\/wp-json\/wp\/v2\/pages\/6320\/revisions\/14597"}],"wp:attachment":[{"href":"https:\/\/www.clean26.fr\/pro\/wp-json\/wp\/v2\/media?parent=6320"}],"curies":[{"name":"wp","href":"https:\/\/api.w.org\/{rel}","templated":true}]}}