{"id":4100,"date":"2022-04-23T18:37:00","date_gmt":"2022-04-23T16:37:00","guid":{"rendered":"http:\/\/localhost\/projets\/clean_pro\/?post_type=product&#038;p=4100"},"modified":"2026-03-31T14:41:49","modified_gmt":"2026-03-31T12:41:49","slug":"lad-bqf-5l","status":"publish","type":"product","link":"https:\/\/www.clean26.fr\/pro\/prod\/lad-bqf-5l\/","title":{"rendered":"Adoucissant 5 litres KADOR Bouquet Fleurie"},"content":{"rendered":"<p>Dangereux. Respecter les pr\u00e9cautions d&#8217;emploi.<br \/>\nM\u00e9lange \u00e0 base d\u2019agents tensioactifs naturels. Agents de surface cationiques\u00a0% (p\/p) &lt; 5. Parfums. Fragrances allergisantes\u00a0: 3-m\u00e9thyl-4-(2,6,6-trim\u00e9thyl-2-cyclohex\u00e8ne-1-yl)-3but\u00e8ne-2-one (alpha-ISOMETHYLIONONE), Benzoate de benzyle (BENZL BENZOATE), Linalol (LINALOOL), Hexylcinnamaldehyde (HEXYL CINNAMAL).<\/p>\n","protected":false},"excerpt":{"rendered":"<p>\ud83c\uddeb\ud83c\uddf7 Fabrication Fran\u00e7aise &#8211; 5L &#8211; GTIN 3760437530385 &#8211; Direct Usine &#8211; Exp\u00e9dition sous 48h<\/p>\n","protected":false},"featured_media":16378,"template":"","meta":{"_uf_show_specific_survey":0,"_uf_disable_surveys":false,"site-sidebar-layout":"default","site-content-layout":"","ast-site-content-layout":"default","site-content-style":"default","site-sidebar-style":"default","ast-global-header-display":"","ast-banner-title-visibility":"","ast-main-header-display":"","ast-hfb-above-header-display":"","ast-hfb-below-header-display":"","ast-hfb-mobile-header-display":"","site-post-title":"","ast-breadcrumbs-content":"","ast-featured-img":"","footer-sml-layout":"","ast-disable-related-posts":"","theme-transparent-header-meta":"default","adv-header-id-meta":"","stick-header-meta":"","header-above-stick-meta":"","header-main-stick-meta":"","header-below-stick-meta":"","astra-migrate-meta-layouts":"set","ast-page-background-enabled":"default","ast-page-background-meta":{"desktop":{"background-color":"var(--ast-global-color-4)","background-image":"","background-repeat":"repeat","background-position":"center center","background-size":"auto","background-attachment":"scroll","background-type":"","background-media":"","overlay-type":"","overlay-color":"","overlay-opacity":"","overlay-gradient":""},"tablet":{"background-color":"","background-image":"","background-repeat":"repeat","background-position":"center center","background-size":"auto","background-attachment":"scroll","background-type":"","background-media":"","overlay-type":"","overlay-color":"","overlay-opacity":"","overlay-gradient":""},"mobile":{"background-color":"","background-image":"","background-repeat":"repeat","background-position":"center center","background-size":"auto","background-attachment":"scroll","background-type":"","background-media":"","overlay-type":"","overlay-color":"","overlay-opacity":"","overlay-gradient":""}},"ast-content-background-meta":{"desktop":{"background-color":"var(--ast-global-color-5)","background-image":"","background-repeat":"repeat","background-position":"center center","background-size":"auto","background-attachment":"scroll","background-type":"","background-media":"","overlay-type":"","overlay-color":"","overlay-opacity":"","overlay-gradient":""},"tablet":{"background-color":"var(--ast-global-color-5)","background-image":"","background-repeat":"repeat","background-position":"center center","background-size":"auto","background-attachment":"scroll","background-type":"","background-media":"","overlay-type":"","overlay-color":"","overlay-opacity":"","overlay-gradient":""},"mobile":{"background-color":"var(--ast-global-color-5)","background-image":"","background-repeat":"repeat","background-position":"center center","background-size":"auto","background-attachment":"scroll","background-type":"","background-media":"","overlay-type":"","overlay-color":"","overlay-opacity":"","overlay-gradient":""}}},"product_brand":[549],"product_cat":[144,143],"product_tag":[],"class_list":{"0":"post-4100","1":"product","2":"type-product","3":"status-publish","4":"has-post-thumbnail","6":"product_brand-kador","7":"product_cat-adoucissant","8":"product_cat-linge","9":"pa_marque-kador","10":"pa_pcb-bidon-5l","11":"pa_pcb-carton-4-x-5l","12":"pa_pcb-palette-de-128-x-5l","13":"desktop-align-left","14":"tablet-align-left","15":"mobile-align-left","17":"first","18":"instock","19":"taxable","20":"shipping-taxable","21":"product-type-variable","22":"has-default-attributes"},"_links":{"self":[{"href":"https:\/\/www.clean26.fr\/pro\/wp-json\/wp\/v2\/product\/4100","targetHints":{"allow":["GET"]}}],"collection":[{"href":"https:\/\/www.clean26.fr\/pro\/wp-json\/wp\/v2\/product"}],"about":[{"href":"https:\/\/www.clean26.fr\/pro\/wp-json\/wp\/v2\/types\/product"}],"wp:featuredmedia":[{"embeddable":true,"href":"https:\/\/www.clean26.fr\/pro\/wp-json\/wp\/v2\/media\/16378"}],"wp:attachment":[{"href":"https:\/\/www.clean26.fr\/pro\/wp-json\/wp\/v2\/media?parent=4100"}],"wp:term":[{"taxonomy":"product_brand","embeddable":true,"href":"https:\/\/www.clean26.fr\/pro\/wp-json\/wp\/v2\/product_brand?post=4100"},{"taxonomy":"product_cat","embeddable":true,"href":"https:\/\/www.clean26.fr\/pro\/wp-json\/wp\/v2\/product_cat?post=4100"},{"taxonomy":"product_tag","embeddable":true,"href":"https:\/\/www.clean26.fr\/pro\/wp-json\/wp\/v2\/product_tag?post=4100"}],"curies":[{"name":"wp","href":"https:\/\/api.w.org\/{rel}","templated":true}]}}